{"id":818,"date":"2023-08-21T12:16:55","date_gmt":"2023-08-21T12:16:55","guid":{"rendered":"http:\/\/mastercom.es\/?page_id=818"},"modified":"2023-08-21T13:41:59","modified_gmt":"2023-08-21T13:41:59","slug":"zx-spectrum-issue-4b","status":"publish","type":"page","link":"https:\/\/mastercom.es\/en\/zx-spectrum-issue-4b\/","title":{"rendered":"Zx Spectrum issue 4b"},"content":{"rendered":"<p>[et_pb_section fb_built=\u00bb1&#8243; admin_label=\u00bbPromotion\u00bb _builder_version=\u00bb4.16&#8243; _module_preset=\u00bbdefault\u00bb background_color=\u00bb#000000&#8243; custom_padding=\u00bb0vw||||false|false\u00bb collapsed=\u00bbon\u00bb global_colors_info=\u00bb{}\u00bb theme_builder_area=\u00bbpost_content\u00bb][et_pb_row _builder_version=\u00bb4.16&#8243; _module_preset=\u00bbdefault\u00bb max_width=\u00bbnone\u00bb global_colors_info=\u00bb{}\u00bb theme_builder_area=\u00bbpost_content\u00bb][et_pb_column type=\u00bb4_4&#8243; _builder_version=\u00bb4.16&#8243; _module_preset=\u00bbdefault\u00bb global_colors_info=\u00bb{}\u00bb theme_builder_area=\u00bbpost_content\u00bb][et_pb_text _builder_version=\u00bb4.22.1&#8243; _module_preset=\u00bb3fc5abb1-35dc-424b-b073-9c70a2f7c68a\u00bb header_font=\u00bb||||||||\u00bb header_4_font=\u00bbMontserrat|800|||||||\u00bb header_4_text_align=\u00bbcenter\u00bb header_4_text_color=\u00bbrgba(255,255,255,0.7)\u00bb header_4_line_height=\u00bb1.5em\u00bb custom_margin=\u00bb||20px||false|false\u00bb hover_enabled=\u00bb0&#8243; header_4_font_size_tablet=\u00bb16px\u00bb header_4_font_size_phone=\u00bb14px\u00bb header_4_font_size_last_edited=\u00bbon|desktop\u00bb locked=\u00bboff\u00bb global_colors_info=\u00bb{}\u00bb theme_builder_area=\u00bbpost_content\u00bb sticky_enabled=\u00bb0&#8243;]<\/p>\n<h1 style=\"text-align: center;\"><span style=\"color: #ffffff;\"><strong>Recreaci\u00f3n PCB ZX Spectrum issue 4B\u00a0 a\u00f1o 1983<\/strong><\/span><\/h1>\n<p>[\/et_pb_text][et_pb_text _builder_version=\u00bb4.21.2&#8243; _module_preset=\u00bbdefault\u00bb text_font=\u00bbMontserrat|800||on|||||\u00bb text_text_color=\u00bbrgba(255,255,255,0.2)\u00bb text_font_size=\u00bb10vw\u00bb text_letter_spacing=\u00bb1px\u00bb text_line_height=\u00bb1em\u00bb text_orientation=\u00bbcenter\u00bb background_layout=\u00bbdark\u00bb custom_margin=\u00bb||-0.5em||false|false\u00bb custom_margin_tablet=\u00bb||0em||false|false\u00bb custom_margin_last_edited=\u00bboff|tablet\u00bb text_font_size_tablet=\u00bb100px\u00bb text_font_size_phone=\u00bb50px\u00bb text_font_size_last_edited=\u00bboff|phone\u00bb header_font_size_tablet=\u00bb55px\u00bb header_font_size_phone=\u00bb\u00bb header_font_size_last_edited=\u00bbon|tablet\u00bb global_colors_info=\u00bb{}\u00bb theme_builder_area=\u00bbpost_content\u00bb]<\/p>\n<p>DIY<\/p>\n<p>[\/et_pb_text][et_pb_image src=\u00bbhttp:\/\/mastercom.es\/wp-content\/uploads\/2023\/08\/PCB4BV1.png\u00bb alt=\u00bbPCB4BV1&#8243; title_text=\u00bbPCB4BV1&#8243; url=\u00bb@ET-DC@eyJkeW5hbWljIjp0cnVlLCJjb250ZW50IjoicG9zdF9saW5rX3VybF9wcm9kdWN0Iiwic2V0dGluZ3MiOnsicG9zdF9pZCI6IjU0In19@\u00bb align=\u00bbcenter\u00bb _builder_version=\u00bb4.22.1&#8243; _dynamic_attributes=\u00bburl\u00bb _module_preset=\u00bbdefault\u00bb z_index=\u00bb11&#8243; width_last_edited=\u00bboff|desktop\u00bb module_alignment=\u00bbcenter\u00bb custom_margin=\u00bb||||false|false\u00bb custom_margin_tablet=\u00bb-50px||||false|false\u00bb custom_margin_last_edited=\u00bboff|tablet\u00bb global_colors_info=\u00bb{}\u00bb theme_builder_area=\u00bbpost_content\u00bb][\/et_pb_image][et_pb_blurb title=\u00bbZX Spectrum 48k Issue 4B: Revive la \u00e9poca Dorada de los Videojuegos\u00bb _builder_version=\u00bb4.22.1&#8243; _module_preset=\u00bbdefault\u00bb header_text_align=\u00bbcenter\u00bb header_text_color=\u00bb#FFFFFF\u00bb header_font_size=\u00bb21px\u00bb body_text_color=\u00bb#FFFFFF\u00bb position_origin_a=\u00bbtop_center\u00bb position_origin_f=\u00bbcenter_center\u00bb z_index=\u00bb500&#8243; text_orientation=\u00bbjustified\u00bb width=\u00bb100%\u00bb custom_margin=\u00bb18px||||false|false\u00bb hover_enabled=\u00bb0&#8243; global_colors_info=\u00bb{}\u00bb theme_builder_area=\u00bbpost_content\u00bb sticky_enabled=\u00bb0&#8243;]<\/p>\n<p>Revive la nostalgia de la r\u00e9plica de la placa de circuito impreso Sinclair ZX Spectrum issue 4b. Descubre el mundo DIY de la inform\u00e1tica vintage y trae de vuelta la era dorada de los videojuegos. Explora nuestra tienda online y encuentra todos los componentes y dise\u00f1o que necesitas para construir tu propio ZX Spectrum issue 4B. \u00a1Prep\u00e1rate para embarcarte en un viaje al pasado!<\/p>\n<p>[\/et_pb_blurb][et_pb_button button_url=\u00bbhttps:\/\/zxs4b.com\u00bb button_text=\u00bbVer mas &#8230;\u00bb button_alignment=\u00bbcenter\u00bb _builder_version=\u00bb4.22.1&#8243; _module_preset=\u00bb57402ecc-5ea1-429d-9618-9190a3719bfd\u00bb custom_button=\u00bbon\u00bb button_text_size=\u00bb12px\u00bb button_text_color=\u00bb#000000&#8243; button_bg_color=\u00bb#FFFFFF\u00bb button_border_width=\u00bb0px\u00bb button_border_radius=\u00bb0px\u00bb button_letter_spacing=\u00bb1px\u00bb button_font=\u00bbMontserrat|800||on|||||\u00bb custom_padding=\u00bb20px|40px|20px|40px|true|true\u00bb hover_enabled=\u00bb0&#8243; locked=\u00bboff\u00bb global_colors_info=\u00bb{}\u00bb theme_builder_area=\u00bbpost_content\u00bb sticky_enabled=\u00bb0&#8243;][\/et_pb_button][\/et_pb_column][\/et_pb_row][\/et_pb_section][et_pb_section fb_built=\u00bb1&#8243; _builder_version=\u00bb4.21.2&#8243; _module_preset=\u00bbdefault\u00bb global_colors_info=\u00bb{}\u00bb theme_builder_area=\u00bbpost_content\u00bb][\/et_pb_section]<\/p>\n","protected":false},"excerpt":{"rendered":"<p>Recreaci\u00f3n PCB ZX Spectrum issue 4B\u00a0 a\u00f1o 1983DIYRevive la nostalgia de la r\u00e9plica de la placa de circuito impreso Sinclair ZX Spectrum issue 4b. Descubre el mundo DIY de la inform\u00e1tica vintage y trae de vuelta la era dorada de los videojuegos. Explora nuestra tienda online y encuentra todos los componentes y dise\u00f1o que necesitas [&hellip;]<\/p>\n","protected":false},"author":1,"featured_media":0,"parent":0,"menu_order":0,"comment_status":"closed","ping_status":"closed","template":"","meta":{"_et_pb_use_builder":"on","_et_pb_old_content":"","_et_gb_content_width":"","footnotes":""},"class_list":["post-818","page","type-page","status-publish","hentry"],"_links":{"self":[{"href":"https:\/\/mastercom.es\/en\/wp-json\/wp\/v2\/pages\/818","targetHints":{"allow":["GET"]}}],"collection":[{"href":"https:\/\/mastercom.es\/en\/wp-json\/wp\/v2\/pages"}],"about":[{"href":"https:\/\/mastercom.es\/en\/wp-json\/wp\/v2\/types\/page"}],"author":[{"embeddable":true,"href":"https:\/\/mastercom.es\/en\/wp-json\/wp\/v2\/users\/1"}],"replies":[{"embeddable":true,"href":"https:\/\/mastercom.es\/en\/wp-json\/wp\/v2\/comments?post=818"}],"version-history":[{"count":0,"href":"https:\/\/mastercom.es\/en\/wp-json\/wp\/v2\/pages\/818\/revisions"}],"wp:attachment":[{"href":"https:\/\/mastercom.es\/en\/wp-json\/wp\/v2\/media?parent=818"}],"curies":[{"name":"wp","href":"https:\/\/api.w.org\/{rel}","templated":true}]}}